{"id":1598,"date":"2018-10-09T14:43:09","date_gmt":"2018-10-09T11:43:09","guid":{"rendered":"http:\/\/sakustars.fi\/2019\/?page_id=1598"},"modified":"2019-03-04T16:20:47","modified_gmt":"2019-03-04T13:20:47","slug":"runo","status":"publish","type":"page","link":"https:\/\/sakustars.fi\/2019\/sarjat\/runo\/","title":{"rendered":"Runo"},"content":{"rendered":"<p>Aiheena on SASKY koulutuskuntayhtym\u00e4n \u00a0SAKUstars-kulttuurikilpailujen teema &#8221;Sopivasti Sykett\u00e4&#8221;. Ty\u00f6t\u00e4 ei tarvitse nimet\u00e4 teeman mukaan.<\/p>\n<p>Kirjoitelmasarjaan voi osallistua 2019 kilpailuissa suomen-, ruotsin- ja englanninkielisill\u00e4 kirjoituksilla.<\/p>\n<p><strong>SAKUstars2019 tuomaristo<\/strong><\/p>\n<p>Lila M\u00e4kel\u00e4, 2011 SAKUstars -voittaja, kirjallisuustieteen maisteriopiskelija<\/p>\n<p>Sonja Heinonen, Hiusalan opiskelija, Sasky \/ Vammalan ammattikoulu<\/p>\n<p>Marja-Liisa Laaksonen-Liukkosipi, \u00c4idinkielen lehtori, el\u00e4kel\u00e4inen, Sasky \/ Vammalan ammattikoulu<\/p>\n<p><strong>S\u00e4\u00e4nn\u00f6t<\/strong><\/p>\n<p>Teksti kirjoitetaan Word-tekstink\u00e4sittelyohjelmalla. Runon pituus on vapaa.<\/p>\n<p>Kirjoittajan nimi \/Ryhm\u00e4n nimet ja oppilaitos merkit\u00e4\u00e4n paperin vasempaan yl\u00e4reunaan.<\/p>\n<p>Kirjoitukset l\u00e4hetet\u00e4\u00e4n j\u00e4rjest\u00e4j\u00e4lle s\u00e4hk\u00f6isesti PDF-tiedostomuodossa. Tiedostonimi on etunimi_sukunimi_oppilaitos_sarja.<\/p>\n<p>HUOM! \u00c4l\u00e4 l\u00e4het\u00e4 ty\u00f6t\u00e4si suoraan lajivastaavalle, vaan oman oppilaitoksesi SAKUstars-yhteyshenkil\u00f6lle, joka ilmoittaa sinut ja ty\u00f6si.<\/p>\n<p>Kilpailija tai ryhm\u00e4 voi osallistua sarjaan vain yhdell\u00e4 ty\u00f6ll\u00e4, joka on tehty edellisten SAKUstars-kilpailujen j\u00e4lkeen. Kilpailija voi osallistua sarjaan joko yksil\u00f6n\u00e4 tai yhden joukkueen j\u00e4senen\u00e4.<\/p>\n<p>Kilpailut\u00f6iden tekij\u00e4noikeudet s\u00e4ilyv\u00e4t tekij\u00f6ill\u00e4. SAKU ry pid\u00e4tt\u00e4\u00e4 itsell\u00e4\u00e4n oikeuden julkaista kilpailut\u00f6it\u00e4.<\/p>\n<p><strong>Arviointikriteerit<\/strong><\/p>\n<ol>\n<li>Mielenkiintoisuus<\/li>\n<li>Rakenne<\/li>\n<li>Tyylin yhten\u00e4isyys<\/li>\n<li>Omaper\u00e4isyys ja idea<\/li>\n<li>Teeman mukaisuus<\/li>\n<\/ol>\n<p>&nbsp;<\/p>\n<p><strong>Lajivastaava:<\/strong><\/p>\n<p>Minna Uotila<br \/>\nminna.uotila(at)sasky.fi<br \/>\n040 173 8892<\/p>\n<p><strong>TUKIstarsin sarjavastaava:<\/strong><\/p>\n<p>Maarit Sorjonen,<br \/>\nmaarit.sorjonen(at)spesia.fi<\/p>\n<p>Tomi Luomi,<br \/>\ntomi.luomi(at)ysao.fi<\/p>\n<p><strong>Ennakkot\u00f6iden l\u00e4hett\u00e4minen 8.2.2019 menness\u00e4<\/strong><\/p>\n<p>HUOM! \u00c4l\u00e4 l\u00e4het\u00e4 ty\u00f6t\u00e4si suoraan lajivastaavalle, vaan oman oppilaitoksesi SAKUstars-yhteyshenkil\u00f6lle, joka ilmoittaa sinut ja ty\u00f6si.<\/p>\n<p><strong>L\u00e4het\u00e4 kilpailuty\u00f6 s-postissa:<\/strong>\u00a0minna.uotila(at)sasky.fi<\/p>\n<p>Kirjoita s-postin &#8221;Aihe&#8221; -kentt\u00e4\u00e4n SAKUstars2019 Runo<\/p>\n<p>Laji: Runo Kilpailuty\u00f6n nimi:<br \/>\nKilpailijan\/kilpailijoiden nimi:<br \/>\nOppilaitos:<\/p>\n<p>&nbsp;<\/p>\n","protected":false},"excerpt":{"rendered":"<p>Aiheena on SASKY koulutuskuntayhtym\u00e4n \u00a0SAKUstars-kulttuurikilpailujen teema &#8221;Sopivasti Sykett\u00e4&#8221;. Ty\u00f6t\u00e4 ei tarvitse nimet\u00e4 teeman mukaan. Kirjoitelmasarjaan voi osallistua 2019 kilpailuissa suomen-, ruotsin- ja englanninkielisill\u00e4 kirjoituksilla. SAKUstars2019 tuomaristo Lila M\u00e4kel\u00e4, 2011 SAKUstars -voittaja, kirjallisuustieteen maisteriopiskelija Sonja Heinonen, Hiusalan opiskelija, Sasky \/ Vammalan ammattikoulu Marja-Liisa Laaksonen-Liukkosipi, \u00c4idinkielen lehtori, el\u00e4kel\u00e4inen, Sasky \/ Vammalan ammattikoulu S\u00e4\u00e4nn\u00f6t Teksti kirjoitetaan Word-tekstink\u00e4sittelyohjelmalla. Runon [&hellip;]<\/p>\n","protected":false},"author":2,"featured_media":0,"parent":1231,"menu_order":0,"comment_status":"closed","ping_status":"closed","template":"","meta":{"_monsterinsights_skip_tracking":false,"_monsterinsights_sitenote_active":false,"_monsterinsights_sitenote_note":"","_monsterinsights_sitenote_category":0,"footnotes":""},"class_list":["post-1598","page","type-page","status-publish","hentry"],"aioseo_notices":[],"_links":{"self":[{"href":"https:\/\/sakustars.fi\/2019\/wp-json\/wp\/v2\/pages\/1598","targetHints":{"allow":["GET"]}}],"collection":[{"href":"https:\/\/sakustars.fi\/2019\/wp-json\/wp\/v2\/pages"}],"about":[{"href":"https:\/\/sakustars.fi\/2019\/wp-json\/wp\/v2\/types\/page"}],"author":[{"embeddable":true,"href":"https:\/\/sakustars.fi\/2019\/wp-json\/wp\/v2\/users\/2"}],"replies":[{"embeddable":true,"href":"https:\/\/sakustars.fi\/2019\/wp-json\/wp\/v2\/comments?post=1598"}],"version-history":[{"count":7,"href":"https:\/\/sakustars.fi\/2019\/wp-json\/wp\/v2\/pages\/1598\/revisions"}],"predecessor-version":[{"id":2031,"href":"https:\/\/sakustars.fi\/2019\/wp-json\/wp\/v2\/pages\/1598\/revisions\/2031"}],"up":[{"embeddable":true,"href":"https:\/\/sakustars.fi\/2019\/wp-json\/wp\/v2\/pages\/1231"}],"wp:attachment":[{"href":"https:\/\/sakustars.fi\/2019\/wp-json\/wp\/v2\/media?parent=1598"}],"curies":[{"name":"wp","href":"https:\/\/api.w.org\/{rel}","templated":true}]}}