{"id":1598,"date":"2018-10-09T14:43:09","date_gmt":"2018-10-09T11:43:09","guid":{"rendered":"http:\/\/sakustars.fi\/2020\/?page_id=1598"},"modified":"2020-02-07T15:39:55","modified_gmt":"2020-02-07T12:39:55","slug":"runo","status":"publish","type":"page","link":"https:\/\/sakustars.fi\/2020\/sarjat\/runo\/","title":{"rendered":"Runo"},"content":{"rendered":"<div class=\"wpb-content-wrapper\"><p>[vc_row][vc_column][vc_column_text]<span data-contrast=\"auto\">Aiheena on Stadin ammatti- ja aikuisopiston\u00a0<\/span><span data-contrast=\"auto\">SAKUstars<\/span><span data-contrast=\"auto\">-kulttuurikilpailujen teema \u201d<\/span><span data-contrast=\"auto\">Dream<\/span><span data-contrast=\"auto\">\u00a0<\/span><span data-contrast=\"auto\">Hard<\/span><span data-contrast=\"auto\">\u201d. Ty\u00f6t\u00e4 ei tarvitse nimet\u00e4 teeman mukaan.<\/span><span data-ccp-props=\"{&quot;335559738&quot;:240,&quot;335559739&quot;:240}\">\u00a0<\/span><\/p>\n<p><span data-contrast=\"auto\">Kirjoitelmasarjaan voi osallistua v.\u00a0<\/span><span data-contrast=\"auto\">2020 kilpa<\/span><span data-contrast=\"auto\">iluissa suomen-, ruotsin- ja englanninkielisill\u00e4 kirjoituksilla.<\/span><span data-ccp-props=\"{&quot;335559738&quot;:240,&quot;335559739&quot;:240}\">\u00a0<\/span><\/p>\n<h3>S\u00e4\u00e4nn\u00f6t<span data-ccp-props=\"{&quot;335559738&quot;:240,&quot;335559739&quot;:240}\">\u00a0<\/span><\/h3>\n<p><span data-contrast=\"auto\">Teksti kirjoitetaan Word-tekstink\u00e4sittelyohjelmalla. Runon pituus ja muoto ovat vapaat.<\/span><span data-ccp-props=\"{&quot;335559739&quot;:150}\">\u00a0<\/span><\/p>\n<p><span data-contrast=\"auto\">Kirjoittajan nimi ja oppilaitos merkit\u00e4\u00e4n paperin vasempaan yl\u00e4reunaan.<\/span><span data-ccp-props=\"{&quot;335559739&quot;:150}\">\u00a0<\/span><\/p>\n<p><span data-contrast=\"auto\">Kirjoitukset l\u00e4hetet\u00e4\u00e4n j\u00e4rjest\u00e4j\u00e4lle s\u00e4hk\u00f6isesti PDF-tiedostomuodossa. Tiedostonimi on\u00a0<\/span><span data-contrast=\"auto\">etunimi_sukunimi_oppilaitos_sarja<\/span><span data-contrast=\"auto\">.<\/span><span data-ccp-props=\"{&quot;335559739&quot;:150}\">\u00a0<\/span><\/p>\n<p><span data-contrast=\"auto\">HUOM! \u00c4l\u00e4 l\u00e4het\u00e4 ty\u00f6t\u00e4si suoraan lajivastaavalle, vaan oman oppilaitoksesi yhteyshenkil\u00f6lle, joka ilmoittaa sinut ja ty\u00f6si.<\/span><span data-ccp-props=\"{&quot;335559739&quot;:150}\">\u00a0<\/span><\/p>\n<p><span data-contrast=\"auto\">Kilpailija tai ryhm\u00e4 voi osallistua sarjaan vain yhdell\u00e4 ty\u00f6ll\u00e4, joka on tehty edellisten\u00a0<\/span><span data-contrast=\"auto\">SAKUstars<\/span><span data-contrast=\"auto\">-kilpailujen j\u00e4lkeen. Kilpailija voi osallistua sarjaan joko yksil\u00f6n\u00e4 tai yhden joukkueen j\u00e4senen\u00e4.<\/span><span data-ccp-props=\"{&quot;335559739&quot;:150}\">\u00a0<\/span><\/p>\n<p><span data-contrast=\"auto\">Kilpailut\u00f6iden tekij\u00e4noikeudet s\u00e4ilyv\u00e4t tekij\u00f6ill\u00e4. SAKU ry pid\u00e4tt\u00e4\u00e4 itsell\u00e4\u00e4n oikeuden julkaista kilpailut\u00f6it\u00e4.<\/span><span data-ccp-props=\"{&quot;335559739&quot;:150}\">\u00a0<\/span><\/p>\n<p><b><span data-contrast=\"auto\">Kilpailuteht\u00e4v\u00e4n arviointikriteerit<\/span><\/b><span data-ccp-props=\"{&quot;335559738&quot;:240,&quot;335559739&quot;:240}\">\u00a0<\/span><\/p>\n<ol>\n<li><span data-contrast=\"auto\">Mielenkiintoisuus<\/span><span data-ccp-props=\"{&quot;134233117&quot;:true,&quot;134233118&quot;:true}\">\u00a0<\/span><\/li>\n<li><span data-contrast=\"auto\">Rakenne<\/span><span data-ccp-props=\"{&quot;134233117&quot;:true,&quot;134233118&quot;:true}\">\u00a0<\/span><\/li>\n<li><span data-contrast=\"auto\">Tyylin yhten\u00e4isyys<\/span><span data-ccp-props=\"{&quot;134233117&quot;:true,&quot;134233118&quot;:true}\">\u00a0<\/span><\/li>\n<li><span data-contrast=\"auto\">Omaper\u00e4isyys ja idea<\/span><span data-ccp-props=\"{&quot;134233117&quot;:true,&quot;134233118&quot;:true}\">\u00a0<\/span><\/li>\n<li><span data-contrast=\"auto\">Teeman mukaisuus<\/span><span data-ccp-props=\"{&quot;134233117&quot;:true,&quot;134233118&quot;:true}\">\u00a0<\/span><\/li>\n<\/ol>\n<p><b><span data-contrast=\"auto\">Lajin tuomarit<\/span><\/b><span data-ccp-props=\"{&quot;335559738&quot;:240,&quot;335559739&quot;:240}\">\u00a0<\/span><\/p>\n<p><span data-contrast=\"auto\">Riina Katajavuori, runoilija-kirjailija<\/span><span data-ccp-props=\"{&quot;335559738&quot;:240,&quot;335559739&quot;:240}\"><br \/>\n<\/span><span style=\"font-size: inherit;\" data-contrast=\"auto\">Linda<\/span><span style=\"font-size: inherit;\" data-contrast=\"auto\">\u00a0Manninen,<\/span><span style=\"font-size: inherit;\" data-contrast=\"auto\">\u00a0ulkoasuntoteuttaja<\/span><span style=\"font-size: inherit;\" data-contrast=\"auto\">, Stadin ammatti- ja aikuisopisto<\/span><span style=\"font-size: inherit;\" data-ccp-props=\"{&quot;335559738&quot;:240,&quot;335559739&quot;:240}\"><br \/>\n<\/span><span data-contrast=\"auto\">Tuija Takala, \u00e4idinkielen<\/span><span data-contrast=\"auto\">opettaja<\/span><span data-contrast=\"auto\">, runoilija, Stadin ammatti- ja aikuisopisto<\/span><span data-ccp-props=\"{&quot;335559738&quot;:240,&quot;335559739&quot;:240}\">\u00a0<\/span><\/p>\n<p><strong>Lajivastaava<\/strong><\/p>\n<p><span data-contrast=\"auto\">Heli Lumme,\u00a0<\/span><span data-contrast=\"auto\">heli.lumme<\/span><span data-contrast=\"auto\">(at)edu.hel.fi, p. 040\u202f517 4971<\/span><span data-ccp-props=\"{&quot;335559738&quot;:240,&quot;335559739&quot;:240}\">\u00a0<\/span><\/p>\n<p><strong>Tukistars-sarjavastaava<\/strong><\/p>\n<p><span data-contrast=\"auto\">Tomi Luomi,\u00a0<\/span><span data-contrast=\"auto\">tomi.luomi<\/span><span data-contrast=\"auto\">(at)ysao.fi<\/span><span data-ccp-props=\"{&quot;335559738&quot;:240,&quot;335559739&quot;:240}\">\u00a0<\/span><\/p>\n<p><span data-contrast=\"auto\">Kiira Marjala, kiira.marjala<\/span><span data-contrast=\"auto\">(at)spesia.fi<\/span><span data-ccp-props=\"{&quot;335559738&quot;:240,&quot;335559739&quot;:240}\">\u00a0<\/span><\/p>\n<h3><b><span data-contrast=\"auto\">Kilpailut\u00f6iden<\/span><\/b> toimitusohje<span data-ccp-props=\"{&quot;335559738&quot;:240,&quot;335559739&quot;:240}\">\u00a0<\/span><\/h3>\n<p><strong>S\u00e4hk\u00f6postitse 10.2.2020\u00a0menness\u00e4 osoitteeseen:\u00a0<\/strong>heli.lumme@edu.hel.fi[\/vc_column_text][\/vc_column][\/vc_row]<\/p>\n<\/div>","protected":false},"excerpt":{"rendered":"<p>[vc_row][vc_column][vc_column_text]Aiheena on Stadin ammatti- ja aikuisopiston\u00a0SAKUstars-kulttuurikilpailujen teema \u201dDream\u00a0Hard\u201d. Ty\u00f6t\u00e4 ei tarvitse nimet\u00e4 teeman mukaan.\u00a0 Kirjoitelmasarjaan voi osallistua v.\u00a02020 kilpailuissa suomen-, ruotsin- ja englanninkielisill\u00e4 kirjoituksilla.\u00a0 S\u00e4\u00e4nn\u00f6t\u00a0 Teksti kirjoitetaan Word-tekstink\u00e4sittelyohjelmalla. Runon pituus ja muoto ovat vapaat.\u00a0 Kirjoittajan nimi ja oppilaitos merkit\u00e4\u00e4n paperin vasempaan yl\u00e4reunaan.\u00a0 Kirjoitukset l\u00e4hetet\u00e4\u00e4n j\u00e4rjest\u00e4j\u00e4lle s\u00e4hk\u00f6isesti PDF-tiedostomuodossa. Tiedostonimi on\u00a0etunimi_sukunimi_oppilaitos_sarja.\u00a0 HUOM! \u00c4l\u00e4 l\u00e4het\u00e4 ty\u00f6t\u00e4si suoraan lajivastaavalle, [&hellip;]<\/p>\n","protected":false},"author":2,"featured_media":0,"parent":1231,"menu_order":0,"comment_status":"closed","ping_status":"closed","template":"","meta":{"_monsterinsights_skip_tracking":false,"_monsterinsights_sitenote_active":false,"_monsterinsights_sitenote_note":"","_monsterinsights_sitenote_category":0,"footnotes":""},"class_list":["post-1598","page","type-page","status-publish","hentry"],"aioseo_notices":[],"_links":{"self":[{"href":"https:\/\/sakustars.fi\/2020\/wp-json\/wp\/v2\/pages\/1598","targetHints":{"allow":["GET"]}}],"collection":[{"href":"https:\/\/sakustars.fi\/2020\/wp-json\/wp\/v2\/pages"}],"about":[{"href":"https:\/\/sakustars.fi\/2020\/wp-json\/wp\/v2\/types\/page"}],"author":[{"embeddable":true,"href":"https:\/\/sakustars.fi\/2020\/wp-json\/wp\/v2\/users\/2"}],"replies":[{"embeddable":true,"href":"https:\/\/sakustars.fi\/2020\/wp-json\/wp\/v2\/comments?post=1598"}],"version-history":[{"count":13,"href":"https:\/\/sakustars.fi\/2020\/wp-json\/wp\/v2\/pages\/1598\/revisions"}],"predecessor-version":[{"id":2964,"href":"https:\/\/sakustars.fi\/2020\/wp-json\/wp\/v2\/pages\/1598\/revisions\/2964"}],"up":[{"embeddable":true,"href":"https:\/\/sakustars.fi\/2020\/wp-json\/wp\/v2\/pages\/1231"}],"wp:attachment":[{"href":"https:\/\/sakustars.fi\/2020\/wp-json\/wp\/v2\/media?parent=1598"}],"curies":[{"name":"wp","href":"https:\/\/api.w.org\/{rel}","templated":true}]}}