
{"id":1824,"date":"2024-07-31T09:05:10","date_gmt":"2024-07-31T09:05:10","guid":{"rendered":"https:\/\/www.sakustars.fi\/2026\/?page_id=1824"},"modified":"2025-09-29T07:03:59","modified_gmt":"2025-09-29T07:03:59","slug":"livesarjojen-tulokset","status":"publish","type":"page","link":"https:\/\/sakustars.fi\/2026\/livesarjojen-tulokset\/","title":{"rendered":"Livesarjojen tulokset"},"content":{"rendered":"<p>[et_pb_section fb_built=&#8221;1&#8243; _builder_version=&#8221;4.27.2&#8243; _module_preset=&#8221;default&#8221; background_color=&#8221;#FFFFFF&#8221; custom_padding=&#8221;||133px|||&#8221; global_colors_info=&#8221;{}&#8221;][et_pb_row _builder_version=&#8221;4.23.1&#8243; _module_preset=&#8221;default&#8221; global_colors_info=&#8221;{}&#8221;][et_pb_column type=&#8221;4_4&#8243; _builder_version=&#8221;4.23.1&#8243; _module_preset=&#8221;default&#8221; global_colors_info=&#8221;{}&#8221;][et_pb_text _builder_version=&#8221;4.27.2&#8243; _module_preset=&#8221;default&#8221; header_font_size=&#8221;4vw&#8221; text_orientation=&#8221;center&#8221; header_font_size_tablet=&#8221;55px&#8221; header_font_size_phone=&#8221;44px&#8221; header_font_size_last_edited=&#8221;on|phone&#8221; global_colors_info=&#8221;{}&#8221;]<\/p>\n<h1>Livesarjojen tulokset<\/h1>\n<p>[\/et_pb_text][lwp_divi_breadcrumbs _builder_version=&#8221;4.23.1&#8243; _module_preset=&#8221;default&#8221; module_text_align=&#8221;center&#8221; text_orientation=&#8221;center&#8221; global_colors_info=&#8221;{}&#8221;][\/lwp_divi_breadcrumbs][\/et_pb_column][\/et_pb_row][et_pb_row _builder_version=&#8221;4.23.1&#8243; _module_preset=&#8221;default&#8221; global_colors_info=&#8221;{}&#8221;][et_pb_column type=&#8221;4_4&#8243; _builder_version=&#8221;4.23.1&#8243; _module_preset=&#8221;default&#8221; global_colors_info=&#8221;{}&#8221;][et_pb_text _builder_version=&#8221;4.27.0&#8243; _module_preset=&#8221;default&#8221; header_2_font_size=&#8221;4vw&#8221; text_orientation=&#8221;center&#8221; header_2_font_size_tablet=&#8221;50px&#8221; header_2_font_size_phone=&#8221;30px&#8221; header_2_font_size_last_edited=&#8221;on|desktop&#8221; global_colors_info=&#8221;{}&#8221;]<\/p>\n<p>Oheisista linkeist\u00e4 l\u00f6yd\u00e4t livesarjojen tulokset.<\/p>\n<p>[\/et_pb_text][\/et_pb_column][\/et_pb_row][et_pb_row column_structure=&#8221;1_3,1_3,1_3&#8243; _builder_version=&#8221;4.23.1&#8243; _module_preset=&#8221;default&#8221; custom_padding=&#8221;||32px|||&#8221; global_colors_info=&#8221;{}&#8221;][et_pb_column type=&#8221;1_3&#8243; _builder_version=&#8221;4.23.1&#8243; _module_preset=&#8221;default&#8221; background_color=&#8221;#212121&#8243; custom_padding=&#8221;20px|20px|20px|20px|false|false&#8221; global_colors_info=&#8221;{}&#8221;][et_pb_blurb title=&#8221;Kuvataide ja kirjoitukset&#8221; use_icon=&#8221;on&#8221; font_icon=&#8221;&#xf53f;||fa||900&#8243; icon_color=&#8221;#0c71c3&#8243; image_icon_width=&#8221;200px&#8221; image_icon_width_tablet=&#8221;200px&#8221; image_icon_width_phone=&#8221;150px&#8221; image_icon_width_last_edited=&#8221;on|phone&#8221; module_class=&#8221;pa-hover-blurb&#8221; _builder_version=&#8221;4.27.4&#8243; _module_preset=&#8221;default&#8221; background_enable_color=&#8221;off&#8221; text_orientation=&#8221;center&#8221; background_layout=&#8221;dark&#8221; module_alignment=&#8221;center&#8221; min_height=&#8221;189px&#8221; custom_padding=&#8221;20px|20px|20px|20px|false|false&#8221; hover_enabled=&#8221;0&#8243; global_colors_info=&#8221;{}&#8221; icon_color__hover_enabled=&#8221;on|hover&#8221; icon_color__hover=&#8221;RGBA(255,255,255,0)&#8221; sticky_enabled=&#8221;0&#8243;]<\/p>\n<p>SAKUstars-kilpailuiden ennakkosarjoihin l\u00e4hetettyj\u00e4 t\u00f6it\u00e4 ja niiden sijoituksia.<\/p>\n<p><span><a href=\"\/2026\/livesarjojen-tulokset\/livesarjojen-tulokset-kuvataide-ja-kirjoitukset\/\" class=\"et_pb_button et-blurb-button\">Tulokset<\/a><\/span><\/p>\n<p>[\/et_pb_blurb][\/et_pb_column][et_pb_column type=&#8221;1_3&#8243; _builder_version=&#8221;4.23.1&#8243; _module_preset=&#8221;default&#8221; background_color=&#8221;#212121&#8243; custom_padding=&#8221;20px|20px|20px|20px|false|false&#8221; global_colors_info=&#8221;{}&#8221;][et_pb_blurb title=&#8221;Laulu- ja soitinsarjat&#8221; use_icon=&#8221;on&#8221; font_icon=&#8221;&#xf7a6;||fa||900&#8243; icon_color=&#8221;#0c71c3&#8243; image_icon_width=&#8221;200px&#8221; image_icon_width_tablet=&#8221;200px&#8221; image_icon_width_phone=&#8221;150px&#8221; image_icon_width_last_edited=&#8221;on|phone&#8221; module_class=&#8221;pa-hover-blurb&#8221; _builder_version=&#8221;4.27.4&#8243; _module_preset=&#8221;default&#8221; background_enable_color=&#8221;off&#8221; text_orientation=&#8221;center&#8221; background_layout=&#8221;dark&#8221; module_alignment=&#8221;center&#8221; min_height=&#8221;189px&#8221; custom_padding=&#8221;20px|20px|20px|20px|false|false&#8221; global_colors_info=&#8221;{}&#8221; icon_color__hover_enabled=&#8221;on|desktop&#8221; icon_color__hover=&#8221;RGBA(255,255,255,0)&#8221;]<\/p>\n<p>SAKUstars-kilpailujen livesarjojen antia ja sijoituksia.<\/p>\n<p><span><a href=\"\/2026\/livesarjojen-tulokset\/livesarjojen-tulokset-laulu-ja-soitinsarjat\/\" class=\"et_pb_button et-blurb-button\">Tulokset<\/a><\/span><\/p>\n<p>[\/et_pb_blurb][\/et_pb_column][et_pb_column type=&#8221;1_3&#8243; _builder_version=&#8221;4.23.1&#8243; _module_preset=&#8221;default&#8221; background_color=&#8221;#212121&#8243; custom_padding=&#8221;20px|20px|20px|20px|false|false&#8221; global_colors_info=&#8221;{}&#8221;][et_pb_blurb title=&#8221;N\u00e4ytt\u00e4m\u00f6taide ja tanssi&#8221; use_icon=&#8221;on&#8221; font_icon=&#8221;&#xf630;||fa||900&#8243; icon_color=&#8221;#0c71c3&#8243; image_icon_width=&#8221;200px&#8221; image_icon_width_tablet=&#8221;200px&#8221; image_icon_width_phone=&#8221;150px&#8221; image_icon_width_last_edited=&#8221;on|phone&#8221; module_class=&#8221;pa-hover-blurb&#8221; _builder_version=&#8221;4.27.4&#8243; _module_preset=&#8221;default&#8221; background_enable_color=&#8221;off&#8221; text_orientation=&#8221;center&#8221; background_layout=&#8221;dark&#8221; module_alignment=&#8221;center&#8221; min_height=&#8221;189px&#8221; custom_padding=&#8221;20px|20px|20px|20px|false|false&#8221; global_colors_info=&#8221;{}&#8221; icon_color__hover_enabled=&#8221;on|desktop&#8221; icon_color__hover=&#8221;RGBA(255,255,255,0)&#8221;]<\/p>\n<p>Henkil\u00f6st\u00f6sarja on suunnattu ammatillisen koulutuksen henkil\u00f6st\u00f6lle.<\/p>\n<p><span><a href=\"\/2026\/livesarjojen-tulokset\/livesarjojen-tulokset-nayttamotaide-ja-tanssi\/\" class=\"et_pb_button et-blurb-button\">Tulokset<\/a><\/span><\/p>\n<p>[\/et_pb_blurb][\/et_pb_column][\/et_pb_row][et_pb_row column_structure=&#8221;1_3,1_3,1_3&#8243; _builder_version=&#8221;4.27.0&#8243; _module_preset=&#8221;default&#8221; custom_padding=&#8221;||32px|||&#8221; global_colors_info=&#8221;{}&#8221;][et_pb_column type=&#8221;1_3&#8243; _builder_version=&#8221;4.27.0&#8243; _module_preset=&#8221;default&#8221; background_enable_color=&#8221;off&#8221; custom_padding=&#8221;20px|20px|20px|20px|false|false&#8221; global_colors_info=&#8221;{}&#8221;][\/et_pb_column][et_pb_column type=&#8221;1_3&#8243; _builder_version=&#8221;4.23.1&#8243; _module_preset=&#8221;default&#8221; background_color=&#8221;#212121&#8243; custom_padding=&#8221;20px|20px|20px|20px|false|false&#8221; global_colors_info=&#8221;{}&#8221;][et_pb_blurb title=&#8221;N\u00e4yt\u00f6slajit&#8221; use_icon=&#8221;on&#8221; font_icon=&#8221;&#xf67b;||fa||900&#8243; icon_color=&#8221;#0c71c3&#8243; image_icon_width=&#8221;200px&#8221; image_icon_width_tablet=&#8221;200px&#8221; image_icon_width_phone=&#8221;150px&#8221; image_icon_width_last_edited=&#8221;on|phone&#8221; module_class=&#8221;pa-hover-blurb&#8221; _builder_version=&#8221;4.27.4&#8243; _module_preset=&#8221;default&#8221; background_enable_color=&#8221;off&#8221; text_orientation=&#8221;center&#8221; background_layout=&#8221;dark&#8221; module_alignment=&#8221;center&#8221; min_height=&#8221;189px&#8221; custom_padding=&#8221;20px|20px|20px|20px|false|false&#8221; global_colors_info=&#8221;{}&#8221; icon_color__hover_enabled=&#8221;on|desktop&#8221; icon_color__hover=&#8221;RGBA(255,255,255,0)&#8221;]<\/p>\n<p>SAKUstars-kilpailujen livesarjojen antia ja sijoituksia.<\/p>\n<p><span><a href=\"\/2026\/livesarjojen-tulokset\/livesarjojen-tulokset-naytoslajit\/\" class=\"et_pb_button et-blurb-button\">Tulokset<\/a><\/span><\/p>\n<p>[\/et_pb_blurb][\/et_pb_column][et_pb_column type=&#8221;1_3&#8243; _builder_version=&#8221;4.27.0&#8243; _module_preset=&#8221;default&#8221; background_enable_color=&#8221;off&#8221; custom_padding=&#8221;20px|20px|20px|20px|false|false&#8221; global_colors_info=&#8221;{}&#8221;][\/et_pb_column][\/et_pb_row][\/et_pb_section]<\/p>\n","protected":false},"excerpt":{"rendered":"<p>Livesarjojen tulokset<div class=\"et_pb_module lwp_divi_breadcrumbs lwp_divi_breadcrumbs_0\">\n\t\t\t\t\n\t\t\t\t\n\t\t\t\t\n\t\t\t\t\n\t\t\t\t\n\t\t\t\t\n\t\t\t\t<div class=\"et_pb_module_inner\">\n\t\t\t\t\t<div class=\"lwp-breadcrumbs\"> <span class=\"before\"><\/span> <span vocab=\"https:\/\/schema.org\/\" typeof=\"BreadcrumbList\"><span property=\"itemListElement\" typeof=\"ListItem\"><a property=\"item\" typeof=\"WebPage\" href=\"https:\/\/sakustars.fi\/2026\/\" class=\"home\"><span property=\"name\">Home<\/span><\/a><meta property=\"position\" content=\"1\"><\/span> <span class=\"separator et-pb-icon\">&#x39;<\/span> <\/span><\/div>\n\t\t\t\t<\/div>\n\t\t\t<\/div>Oheisista linkeist\u00e4 l\u00f6yd\u00e4t livesarjojen tulokset.SAKUstars-kilpailuiden ennakkosarjoihin l\u00e4hetettyj\u00e4 t\u00f6it\u00e4 ja niiden sijoituksia. TuloksetSAKUstars-kilpailujen livesarjojen antia ja sijoituksia. TuloksetHenkil\u00f6st\u00f6sarja on suunnattu ammatillisen koulutuksen henkil\u00f6st\u00f6lle. TuloksetSAKUstars-kilpailujen livesarjojen antia ja sijoituksia. Tulokset<\/p>\n","protected":false},"author":22,"featured_media":0,"parent":0,"menu_order":0,"comment_status":"closed","ping_status":"closed","template":"","meta":{"_et_pb_use_builder":"on","_et_pb_old_content":"<!-- wp:divi\/placeholder \/-->","_et_gb_content_width":"","footnotes":""},"class_list":["post-1824","page","type-page","status-publish","hentry"],"_links":{"self":[{"href":"https:\/\/sakustars.fi\/2026\/wp-json\/wp\/v2\/pages\/1824","targetHints":{"allow":["GET"]}}],"collection":[{"href":"https:\/\/sakustars.fi\/2026\/wp-json\/wp\/v2\/pages"}],"about":[{"href":"https:\/\/sakustars.fi\/2026\/wp-json\/wp\/v2\/types\/page"}],"author":[{"embeddable":true,"href":"https:\/\/sakustars.fi\/2026\/wp-json\/wp\/v2\/users\/22"}],"replies":[{"embeddable":true,"href":"https:\/\/sakustars.fi\/2026\/wp-json\/wp\/v2\/comments?post=1824"}],"version-history":[{"count":13,"href":"https:\/\/sakustars.fi\/2026\/wp-json\/wp\/v2\/pages\/1824\/revisions"}],"predecessor-version":[{"id":4576,"href":"https:\/\/sakustars.fi\/2026\/wp-json\/wp\/v2\/pages\/1824\/revisions\/4576"}],"wp:attachment":[{"href":"https:\/\/sakustars.fi\/2026\/wp-json\/wp\/v2\/media?parent=1824"}],"curies":[{"name":"wp","href":"https:\/\/api.w.org\/{rel}","templated":true}]}}